{"id":560,"date":"2025-08-28T09:48:48","date_gmt":"2025-08-28T07:48:48","guid":{"rendered":"https:\/\/www.escale-roscoff.fr\/?page_id=560"},"modified":"2025-08-28T15:02:06","modified_gmt":"2025-08-28T13:02:06","slug":"mentions-legales","status":"publish","type":"page","link":"https:\/\/www.escale-roscoff.fr\/?page_id=560","title":{"rendered":"Mentions l\u00e9gales"},"content":{"rendered":"\t\t<div data-elementor-type=\"wp-page\" data-elementor-id=\"560\" class=\"elementor elementor-560\">\n\t\t\t\t<div class=\"elementor-element elementor-element-8f7dc0b e-flex e-con-boxed e-con e-parent\" data-id=\"8f7dc0b\" data-element_type=\"container\" data-e-type=\"container\">\n\t\t\t\t\t<div class=\"e-con-inner\">\n\t\t\t\t<div class=\"elementor-element elementor-element-9bd0f34 elementor-widget elementor-widget-heading\" data-id=\"9bd0f34\" data-element_type=\"widget\" data-e-type=\"widget\" data-widget_type=\"heading.default\">\n\t\t\t\t\t<h2 class=\"elementor-heading-title elementor-size-default\">Mentions l\u00e9gales\n\n<\/h2>\t\t\t\t<\/div>\n\t\t\t\t\t<\/div>\n\t\t\t\t<\/div>\n\t\t<div class=\"elementor-element elementor-element-a656dc2 e-flex e-con-boxed e-con e-parent\" data-id=\"a656dc2\" data-element_type=\"container\" data-e-type=\"container\">\n\t\t\t\t\t<div class=\"e-con-inner\">\n\t\t\t\t<div class=\"elementor-element elementor-element-4e5b7ee elementor-hidden-mobile elementor-widget elementor-widget-text-editor\" data-id=\"4e5b7ee\" data-element_type=\"widget\" data-e-type=\"widget\" data-widget_type=\"text-editor.default\">\n\t\t\t\t\t\t\t\t\t<p><b><span data-contrast=\"auto\">Editeur du site<\/span><\/b><b><span data-contrast=\"auto\">\u202f<\/span><\/b><b><span data-contrast=\"auto\">:<\/span><\/b><span data-contrast=\"auto\">\u202f<\/span><span data-ccp-props=\"{}\">&nbsp;<\/span><\/p>\n<p><a href=\"https:\/\/www.escale-roscoff.fr\/\"><span data-contrast=\"auto\">https:\/\/www.escale-roscoff.fr\/<\/span><\/a><span data-contrast=\"auto\"> est le site officiel de l\u2019escale de La Solitaire du Figaro Paprec 2025 en Baie de Morlaix organis\u00e9e par la CCI Finist\u00e8re d\u00e9l\u00e9gation de Morlaix, A\u00e9roport &#8211; CS 27934 &#8211; 29679 Morlaix cedex. T\u00e9l. 02 98 62 39 39. Courriel\u202f: <\/span><a href=\"mailto:accueil.morlaix@finistere.cci.fr\"><span data-contrast=\"auto\">accueil.morlaix@finistere.cci.fr<\/span><\/a><span data-ccp-props=\"{}\">&nbsp;<\/span><\/p>\n<p><span data-ccp-props=\"{}\">&nbsp;<\/span><\/p>\n<p><b><span data-contrast=\"auto\">Responsable de la publication :<\/span><\/b><span data-contrast=\"auto\">\u202fBlandine Kermarec, responsable de la communication op\u00e9rationnelle CCI Finist\u00e8re.\u202f<\/span><span data-ccp-props=\"{}\">&nbsp;<\/span><\/p>\n<p><b><span data-contrast=\"auto\">H\u00e9bergement :<\/span><\/b><span data-contrast=\"auto\">\u202fCCI. L\u2019\u00e9diteur s\u2019engage \u00e0 respecter l\u2019ensemble des lois concernant la mise en place et l\u2019activit\u00e9 d\u2019un site Internet.\u202f<\/span><span data-ccp-props=\"{}\">&nbsp;<\/span><\/p>\n<p><span style=\"font-style: inherit; font-weight: inherit;\">&nbsp;<\/span><\/p>\n<p><b><span data-contrast=\"auto\">Droits d\u2019auteur<\/span><\/b><b><span data-contrast=\"auto\">\u202f<\/span><\/b><b><span data-contrast=\"auto\">:<\/span><\/b><span data-contrast=\"auto\">\u202f<\/span><br><span data-contrast=\"auto\">La reproduction ou la repr\u00e9sentation, int\u00e9grale ou partielle, des pages, des donn\u00e9es et de tout autre \u00e9l\u00e9ment constitutif au site, par quelque proc\u00e9d\u00e9 ou support que ce soit, est interdite et constitue sans autorisation de l\u2019\u00e9diteur une contrefa\u00e7on.\u202f<\/span><span data-ccp-props=\"{}\">&nbsp;<\/span><\/p>\n<p><span data-ccp-props=\"{}\">&nbsp;<\/span><\/p>\n<p><b><span data-contrast=\"auto\">Marques et logos<\/span><\/b><b><span data-contrast=\"auto\">\u202f<\/span><\/b><b><span data-contrast=\"auto\">:<\/span><\/b><span data-contrast=\"auto\">\u202f<\/span><br><span data-contrast=\"auto\">La d\u00e9nomination<\/span><span data-contrast=\"auto\">\u202f<\/span><a href=\"https:\/\/www.escale-roscoff.fr\/\"><span data-contrast=\"auto\">https:\/\/www.escale-roscoff.fr\/<\/span><\/a><span data-contrast=\"auto\">est prot\u00e9g\u00e9e au titre des droits de propri\u00e9t\u00e9 industrielle. Il en va de m\u00eame pour les logos et\/ou les d\u00e9nominations des diff\u00e9rents partenaires du forum pr\u00e9sents sur le site. Toute reproduction totale ou partielle de ces signes distinctifs sans autorisation de leurs propri\u00e9taires est donc prohib\u00e9e.\u202f<\/span><span data-ccp-props=\"{}\">&nbsp;<\/span><\/p>\n<p><span data-ccp-props=\"{}\">&nbsp;<\/span><\/p>\n<p><b><span data-contrast=\"auto\">R\u00e9alisation du site, d\u00e9veloppement et web design :<\/span><\/b><span data-contrast=\"auto\">\u202fservice communication,\u202fCCI Finist\u00e8re<\/span><\/p>\t\t\t\t\t\t\t\t<\/div>\n\t\t\t\t\t<\/div>\n\t\t\t\t<\/div>\n\t\t\t\t<\/div>\n\t\t","protected":false},"excerpt":{"rendered":"<p>Mentions l\u00e9gales Editeur du site\u202f:\u202f&nbsp; https:\/\/www.escale-roscoff.fr\/ est le site officiel de l\u2019escale de La Solitaire du Figaro Paprec 2025 en [&hellip;]<\/p>\n","protected":false},"author":2,"featured_media":0,"parent":0,"menu_order":0,"comment_status":"closed","ping_status":"closed","template":"","meta":{"site-sidebar-layout":"no-sidebar","site-content-layout":"","ast-site-content-layout":"full-width-container","site-content-style":"default","site-sidebar-style":"default","ast-global-header-display":"","ast-banner-title-visibility":"","ast-main-header-display":"","ast-hfb-above-header-display":"","ast-hfb-below-header-display":"","ast-hfb-mobile-header-display":"","site-post-title":"disabled","ast-breadcrumbs-content":"","ast-featured-img":"disabled","footer-sml-layout":"","theme-transparent-header-meta":"","adv-header-id-meta":"","stick-header-meta":"","header-above-stick-meta":"","header-main-stick-meta":"","header-below-stick-meta":"","astra-migrate-meta-layouts":"default","ast-page-background-enabled":"default","ast-page-background-meta":{"desktop":{"background-color":"var(--ast-global-color-5)","background-image":"","background-repeat":"repeat","background-position":"center center","background-size":"auto","background-attachment":"scroll","background-type":"","background-media":"","overlay-type":"","overlay-color":"","overlay-opacity":"","overlay-gradient":""},"tablet":{"background-color":"","background-image":"","background-repeat":"repeat","background-position":"center center","background-size":"auto","background-attachment":"scroll","background-type":"","background-media":"","overlay-type":"","overlay-color":"","overlay-opacity":"","overlay-gradient":""},"mobile":{"background-color":"","background-image":"","background-repeat":"repeat","background-position":"center center","background-size":"auto","background-attachment":"scroll","background-type":"","background-media":"","overlay-type":"","overlay-color":"","overlay-opacity":"","overlay-gradient":""}},"ast-content-background-meta":{"desktop":{"background-color":"var(--ast-global-color-4)","background-image":"","background-repeat":"repeat","background-position":"center center","background-size":"auto","background-attachment":"scroll","background-type":"","background-media":"","overlay-type":"","overlay-color":"","overlay-opacity":"","overlay-gradient":""},"tablet":{"background-color":"var(--ast-global-color-4)","background-image":"","background-repeat":"repeat","background-position":"center center","background-size":"auto","background-attachment":"scroll","background-type":"","background-media":"","overlay-type":"","overlay-color":"","overlay-opacity":"","overlay-gradient":""},"mobile":{"background-color":"var(--ast-global-color-4)","background-image":"","background-repeat":"repeat","background-position":"center center","background-size":"auto","background-attachment":"scroll","background-type":"","background-media":"","overlay-type":"","overlay-color":"","overlay-opacity":"","overlay-gradient":""}},"footnotes":""},"class_list":["post-560","page","type-page","status-publish","hentry"],"_links":{"self":[{"href":"https:\/\/www.escale-roscoff.fr\/index.php?rest_route=\/wp\/v2\/pages\/560","targetHints":{"allow":["GET"]}}],"collection":[{"href":"https:\/\/www.escale-roscoff.fr\/index.php?rest_route=\/wp\/v2\/pages"}],"about":[{"href":"https:\/\/www.escale-roscoff.fr\/index.php?rest_route=\/wp\/v2\/types\/page"}],"author":[{"embeddable":true,"href":"https:\/\/www.escale-roscoff.fr\/index.php?rest_route=\/wp\/v2\/users\/2"}],"replies":[{"embeddable":true,"href":"https:\/\/www.escale-roscoff.fr\/index.php?rest_route=%2Fwp%2Fv2%2Fcomments&post=560"}],"version-history":[{"count":7,"href":"https:\/\/www.escale-roscoff.fr\/index.php?rest_route=\/wp\/v2\/pages\/560\/revisions"}],"predecessor-version":[{"id":572,"href":"https:\/\/www.escale-roscoff.fr\/index.php?rest_route=\/wp\/v2\/pages\/560\/revisions\/572"}],"wp:attachment":[{"href":"https:\/\/www.escale-roscoff.fr\/index.php?rest_route=%2Fwp%2Fv2%2Fmedia&parent=560"}],"curies":[{"name":"wp","href":"https:\/\/api.w.org\/{rel}","templated":true}]}}