{"id":72,"date":"2025-07-10T10:17:03","date_gmt":"2025-07-10T08:17:03","guid":{"rendered":"https:\/\/www.escale-roscoff.fr\/?page_id=72"},"modified":"2025-08-28T16:15:16","modified_gmt":"2025-08-28T14:15:16","slug":"la-course","status":"publish","type":"page","link":"https:\/\/www.escale-roscoff.fr\/?page_id=72","title":{"rendered":"La course"},"content":{"rendered":"\t\t<div data-elementor-type=\"wp-page\" data-elementor-id=\"72\" class=\"elementor elementor-72\">\n\t\t\t\t<div class=\"elementor-element elementor-element-9daa396 e-con-full e-flex e-con e-parent\" data-id=\"9daa396\" data-element_type=\"container\" data-e-type=\"container\" data-settings=\"{&quot;background_background&quot;:&quot;slideshow&quot;,&quot;background_slideshow_gallery&quot;:[{&quot;id&quot;:93,&quot;url&quot;:&quot;http:\\\/\\\/www.escale-roscoff.fr\\\/wp-content\\\/uploads\\\/2025\\\/07\\\/bateau_Plan-de-travail-1-scaled.webp&quot;}],&quot;background_slideshow_slide_duration&quot;:2000,&quot;background_slideshow_loop&quot;:&quot;yes&quot;,&quot;background_slideshow_slide_transition&quot;:&quot;fade&quot;,&quot;background_slideshow_transition_duration&quot;:500}\">\n\t\t\t\t<div class=\"elementor-element elementor-element-86f157f elementor-widget elementor-widget-spacer\" data-id=\"86f157f\" data-element_type=\"widget\" data-e-type=\"widget\" data-widget_type=\"spacer.default\">\n\t\t\t\t\t\t\t<div class=\"elementor-spacer\">\n\t\t\t<div class=\"elementor-spacer-inner\"><\/div>\n\t\t<\/div>\n\t\t\t\t\t\t<\/div>\n\t\t\t\t<\/div>\n\t\t<div class=\"elementor-element elementor-element-f37578d elementor-hidden-mobile e-flex e-con-boxed e-con e-parent\" data-id=\"f37578d\" data-element_type=\"container\" data-e-type=\"container\">\n\t\t\t\t\t<div class=\"e-con-inner\">\n\t\t\t\t<div class=\"elementor-element elementor-element-d70c3ab elementor-widget elementor-widget-heading\" data-id=\"d70c3ab\" data-element_type=\"widget\" data-e-type=\"widget\" data-widget_type=\"heading.default\">\n\t\t\t\t\t<h2 class=\"elementor-heading-title elementor-size-default\">la solitaire du figaro paprec<\/h2>\t\t\t\t<\/div>\n\t\t\t\t<div class=\"elementor-element elementor-element-feda0db elementor-widget elementor-widget-heading\" data-id=\"feda0db\" data-element_type=\"widget\" data-e-type=\"widget\" data-widget_type=\"heading.default\">\n\t\t\t\t\t<h2 class=\"elementor-heading-title elementor-size-default\">fait \u00e9tape<\/h2>\t\t\t\t<\/div>\n\t\t\t\t<div class=\"elementor-element elementor-element-03a66c5 elementor-widget elementor-widget-heading\" data-id=\"03a66c5\" data-element_type=\"widget\" data-e-type=\"widget\" data-widget_type=\"heading.default\">\n\t\t\t\t\t<h2 class=\"elementor-heading-title elementor-size-default\">EN BAIE DE MORLAIX, AU PORT DE ROSCOFF \u2013 BLOSCON, DU 10 AU 14 SEPTEMBRE<\/h2>\t\t\t\t<\/div>\n\t\t\t\t\t<\/div>\n\t\t\t\t<\/div>\n\t\t<div class=\"elementor-element elementor-element-efafc38 elementor-hidden-desktop elementor-hidden-tablet e-flex e-con-boxed e-con e-parent\" data-id=\"efafc38\" data-element_type=\"container\" data-e-type=\"container\">\n\t\t\t\t\t<div class=\"e-con-inner\">\n\t\t\t\t<div class=\"elementor-element elementor-element-02d0bd5 elementor-widget elementor-widget-heading\" data-id=\"02d0bd5\" data-element_type=\"widget\" data-e-type=\"widget\" data-widget_type=\"heading.default\">\n\t\t\t\t\t<h2 class=\"elementor-heading-title elementor-size-default\">LA SOLITAIRE DU <br>FIGARO PAPREC<\/h2>\t\t\t\t<\/div>\n\t\t\t\t<div class=\"elementor-element elementor-element-d4943e7 elementor-widget elementor-widget-heading\" data-id=\"d4943e7\" data-element_type=\"widget\" data-e-type=\"widget\" data-widget_type=\"heading.default\">\n\t\t\t\t\t<h2 class=\"elementor-heading-title elementor-size-default\">fait \u00e9tape<\/h2>\t\t\t\t<\/div>\n\t\t\t\t<div class=\"elementor-element elementor-element-66942f6 elementor-widget elementor-widget-heading\" data-id=\"66942f6\" data-element_type=\"widget\" data-e-type=\"widget\" data-widget_type=\"heading.default\">\n\t\t\t\t\t<h2 class=\"elementor-heading-title elementor-size-default\">EN BAIE DE MORLAIX, AU PORT DE ROSCOFF \u2013 BLOSCON, DU 10 AU 14 SEPTEMBRE<\/h2>\t\t\t\t<\/div>\n\t\t\t\t\t<\/div>\n\t\t\t\t<\/div>\n\t\t<div class=\"elementor-element elementor-element-2536894 e-flex e-con-boxed e-con e-parent\" data-id=\"2536894\" data-element_type=\"container\" data-e-type=\"container\">\n\t\t\t\t\t<div class=\"e-con-inner\">\n\t\t\t\t<div class=\"elementor-element elementor-element-ed87230 elementor-widget elementor-widget-text-editor\" data-id=\"ed87230\" data-element_type=\"widget\" data-e-type=\"widget\" data-widget_type=\"text-editor.default\">\n\t\t\t\t\t\t\t\t\t<p><span class=\"TextRun SCXW162951096 BCX8\" lang=\"FR-FR\" xml:lang=\"FR-FR\" data-contrast=\"auto\"><span class=\"NormalTextRun SCXW162951096 BCX8\">Pour la <\/span><span class=\"NormalTextRun SCXW162951096 BCX8\">6<\/span><\/span><span class=\"TextRun SCXW162951096 BCX8\" lang=\"FR-FR\" xml:lang=\"FR-FR\" data-contrast=\"auto\"><span class=\"NormalTextRun Superscript SCXW162951096 BCX8\" data-fontsize=\"11\">e<\/span><\/span><span class=\"TextRun SCXW162951096 BCX8\" lang=\"FR-FR\" xml:lang=\"FR-FR\" data-contrast=\"auto\"><span class=\"NormalTextRun SCXW162951096 BCX8\"> fois, la CCI<\/span><span class=\"NormalTextRun SCXW162951096 BCX8\"> Finist\u00e8re<\/span><span class=\"NormalTextRun SCXW162951096 BCX8\"> d\u00e9l\u00e9gation de Morlaix est partenaire officiel de cette course mythique qu\u2019est la Solitaire du Figaro<\/span><span class=\"NormalTextRun SCXW162951096 BCX8\"> Paprec<\/span><span class=\"NormalTextRun SCXW162951096 BCX8\">. Le port de <\/span><span class=\"NormalTextRun SCXW162951096 BCX8\">plaisance de <\/span><span class=\"NormalTextRun SCXW162951096 BCX8\">Roscoff <\/span><span class=\"NormalTextRun SpellingErrorV2Themed SCXW162951096 BCX8\">Bloscon<\/span><span class=\"NormalTextRun SCXW162951096 BCX8\"> accueillera l\u2019arriv\u00e9e de la <\/span><span class=\"NormalTextRun SCXW162951096 BCX8\">1<\/span><\/span><span class=\"TextRun SCXW162951096 BCX8\" lang=\"FR-FR\" xml:lang=\"FR-FR\" data-contrast=\"auto\"><span class=\"NormalTextRun Superscript SCXW162951096 BCX8\" data-fontsize=\"11\">\u00e8re<\/span><\/span><span class=\"TextRun SCXW162951096 BCX8\" lang=\"FR-FR\" xml:lang=\"FR-FR\" data-contrast=\"auto\"> <span class=\"NormalTextRun SCXW162951096 BCX8\">\u00e9tape et le d\u00e9part de la <\/span><span class=\"NormalTextRun SCXW162951096 BCX8\">2<\/span><\/span><span class=\"TextRun SCXW162951096 BCX8\" lang=\"FR-FR\" xml:lang=\"FR-FR\" data-contrast=\"auto\"><span class=\"NormalTextRun Superscript SCXW162951096 BCX8\" data-fontsize=\"11\">\u00e8me<\/span><\/span><span class=\"TextRun SCXW162951096 BCX8\" lang=\"FR-FR\" xml:lang=\"FR-FR\" data-contrast=\"auto\"><span class=\"NormalTextRun SCXW162951096 BCX8\">. Durant 5 jours, du mercredi 10 au dimanche 14 septembre, la CCI proposera des animations ouvertes \u00e0 tous au sein du village. <\/span><\/span><span class=\"TextRun SCXW162951096 BCX8\" lang=\"FR-FR\" xml:lang=\"FR-FR\" data-contrast=\"auto\"><span class=\"NormalTextRun SCXW162951096 BCX8\">On vous attend\u202f !<\/span><\/span><\/p>\t\t\t\t\t\t\t\t<\/div>\n\t\t\t\t\t<\/div>\n\t\t\t\t<\/div>\n\t\t<div class=\"elementor-element elementor-element-731fb9d elementor-hidden-mobile e-flex e-con-boxed e-con e-parent\" data-id=\"731fb9d\" data-element_type=\"container\" data-e-type=\"container\" data-settings=\"{&quot;background_background&quot;:&quot;classic&quot;}\">\n\t\t\t\t\t<div class=\"e-con-inner\">\n\t\t<div class=\"elementor-element elementor-element-077a1ea e-con-full e-flex e-con e-child\" data-id=\"077a1ea\" data-element_type=\"container\" data-e-type=\"container\">\n\t\t\t\t<div class=\"elementor-element elementor-element-3c7e4e9 elementor-widget elementor-widget-heading\" data-id=\"3c7e4e9\" data-element_type=\"widget\" data-e-type=\"widget\" data-widget_type=\"heading.default\">\n\t\t\t\t\t<h2 class=\"elementor-heading-title elementor-size-default\">La course\n<\/h2>\t\t\t\t<\/div>\n\t\t\t\t<\/div>\n\t\t\t\t\t<\/div>\n\t\t\t\t<\/div>\n\t\t<div class=\"elementor-element elementor-element-4cc593f elementor-hidden-desktop elementor-hidden-tablet e-flex e-con-boxed e-con e-parent\" data-id=\"4cc593f\" data-element_type=\"container\" data-e-type=\"container\" data-settings=\"{&quot;background_background&quot;:&quot;classic&quot;}\">\n\t\t\t\t\t<div class=\"e-con-inner\">\n\t\t<div class=\"elementor-element elementor-element-878ac98 e-con-full e-flex e-con e-child\" data-id=\"878ac98\" data-element_type=\"container\" data-e-type=\"container\">\n\t\t\t\t<div class=\"elementor-element elementor-element-68b5f99 elementor-widget elementor-widget-heading\" data-id=\"68b5f99\" data-element_type=\"widget\" data-e-type=\"widget\" data-widget_type=\"heading.default\">\n\t\t\t\t\t<h2 class=\"elementor-heading-title elementor-size-default\">La course\n<\/h2>\t\t\t\t<\/div>\n\t\t\t\t<\/div>\n\t\t\t\t\t<\/div>\n\t\t\t\t<\/div>\n\t\t<div class=\"elementor-element elementor-element-648b5b9 e-flex e-con-boxed e-con e-parent\" data-id=\"648b5b9\" data-element_type=\"container\" data-e-type=\"container\">\n\t\t\t\t\t<div class=\"e-con-inner\">\n\t\t\t\t<div class=\"elementor-element elementor-element-ce1b025 elementor-widget elementor-widget-image\" data-id=\"ce1b025\" data-element_type=\"widget\" data-e-type=\"widget\" data-widget_type=\"image.default\">\n\t\t\t\t\t\t\t\t\t\t\t\t\t\t\t<img fetchpriority=\"high\" decoding=\"async\" width=\"1024\" height=\"346\" src=\"https:\/\/www.escale-roscoff.fr\/wp-content\/uploads\/2025\/08\/frise-etape-SDFP_Plan-de-travail-1-1024x346.webp\" class=\"attachment-large size-large wp-image-574\" alt=\"\" srcset=\"https:\/\/www.escale-roscoff.fr\/wp-content\/uploads\/2025\/08\/frise-etape-SDFP_Plan-de-travail-1-1024x346.webp 1024w, https:\/\/www.escale-roscoff.fr\/wp-content\/uploads\/2025\/08\/frise-etape-SDFP_Plan-de-travail-1-300x101.webp 300w, https:\/\/www.escale-roscoff.fr\/wp-content\/uploads\/2025\/08\/frise-etape-SDFP_Plan-de-travail-1-768x260.webp 768w, https:\/\/www.escale-roscoff.fr\/wp-content\/uploads\/2025\/08\/frise-etape-SDFP_Plan-de-travail-1-1536x519.webp 1536w, https:\/\/www.escale-roscoff.fr\/wp-content\/uploads\/2025\/08\/frise-etape-SDFP_Plan-de-travail-1-2048x692.webp 2048w\" sizes=\"(max-width: 1024px) 100vw, 1024px\" \/>\t\t\t\t\t\t\t\t\t\t\t\t\t\t\t<\/div>\n\t\t\t\t\t<\/div>\n\t\t\t\t<\/div>\n\t\t<div class=\"elementor-element elementor-element-73971d8 e-grid e-con-boxed e-con e-parent\" data-id=\"73971d8\" data-element_type=\"container\" data-e-type=\"container\">\n\t\t\t\t\t<div class=\"e-con-inner\">\n\t\t<div class=\"elementor-element elementor-element-139412d e-con-full e-flex e-con e-child\" data-id=\"139412d\" data-element_type=\"container\" data-e-type=\"container\">\n\t\t\t\t<div class=\"elementor-element elementor-element-a5a6ebb elementor-hidden-mobile elementor-widget elementor-widget-heading\" data-id=\"a5a6ebb\" data-element_type=\"widget\" data-e-type=\"widget\" data-widget_type=\"heading.default\">\n\t\t\t\t\t<h2 class=\"elementor-heading-title elementor-size-default\">intensit\u00e9<\/h2>\t\t\t\t<\/div>\n\t\t\t\t<div class=\"elementor-element elementor-element-2eef0cb elementor-hidden-mobile elementor-widget elementor-widget-heading\" data-id=\"2eef0cb\" data-element_type=\"widget\" data-e-type=\"widget\" data-widget_type=\"heading.default\">\n\t\t\t\t\t<h2 class=\"elementor-heading-title elementor-size-default\">&amp; d\u00e9fis<\/h2>\t\t\t\t<\/div>\n\t\t\t\t<div class=\"elementor-element elementor-element-e46e97e elementor-hidden-desktop elementor-hidden-tablet elementor-widget elementor-widget-heading\" data-id=\"e46e97e\" data-element_type=\"widget\" data-e-type=\"widget\" data-widget_type=\"heading.default\">\n\t\t\t\t\t<h2 class=\"elementor-heading-title elementor-size-default\">intensit\u00e9<\/h2>\t\t\t\t<\/div>\n\t\t\t\t<div class=\"elementor-element elementor-element-417238d elementor-hidden-desktop elementor-hidden-tablet elementor-widget elementor-widget-heading\" data-id=\"417238d\" data-element_type=\"widget\" data-e-type=\"widget\" data-widget_type=\"heading.default\">\n\t\t\t\t\t<h2 class=\"elementor-heading-title elementor-size-default\">&amp; d\u00e9fis<\/h2>\t\t\t\t<\/div>\n\t\t\t\t<div class=\"elementor-element elementor-element-0a5a5a7 elementor-widget elementor-widget-text-editor\" data-id=\"0a5a5a7\" data-element_type=\"widget\" data-e-type=\"widget\" data-widget_type=\"text-editor.default\">\n\t\t\t\t\t\t\t\t\t<p><span class=\"TextRun SCXW147734437 BCX8\" lang=\"FR-FR\" xml:lang=\"FR-FR\" data-contrast=\"auto\"><span class=\"NormalTextRun SCXW147734437 BCX8\">La Solitaire du Figaro Paprec 2025 promet une comp\u00e9tition intense, o\u00f9 chaque \u00e9tape offrira son lot de d\u00e9fis et de paysages maritimes exceptionnels. Les villes \u00e9tapes, de Rouen \u00e0 Saint-Vaast-la-Hougue, <span class=\"TextRun SCXW107332679 BCX8\" lang=\"FR-FR\" xml:lang=\"FR-FR\" data-contrast=\"auto\"><span class=\"NormalTextRun SCXW107332679 BCX8\">en passant par la Baie de Morlaix \u00e0 Roscoff<\/span><\/span>, seront autant de points de rencontre entre les marins et le public, c\u00e9l\u00e9brant ensemble la passion de la voile.\u202f<\/span><\/span><span class=\"EOP SCXW147734437 BCX8\" data-ccp-props=\"{}\">\u00a0<\/span><\/p>\t\t\t\t\t\t\t\t<\/div>\n\t\t\t\t<div class=\"elementor-element elementor-element-b335868 elementor-align-center elementor-widget elementor-widget-button\" data-id=\"b335868\" data-element_type=\"widget\" data-e-type=\"widget\" data-widget_type=\"button.default\">\n\t\t\t\t\t\t\t\t\t\t<a class=\"elementor-button elementor-button-link elementor-size-sm\" href=\"https:\/\/www.lasolitaire.com\/\" target=\"_blank\">\n\t\t\t\t\t\t<span class=\"elementor-button-content-wrapper\">\n\t\t\t\t\t\t\t\t\t<span class=\"elementor-button-text\">En savoir plus<\/span>\n\t\t\t\t\t<\/span>\n\t\t\t\t\t<\/a>\n\t\t\t\t\t\t\t\t<\/div>\n\t\t\t\t<\/div>\n\t\t\t\t<div class=\"elementor-element elementor-element-e5d5d08 elementor-widget elementor-widget-image\" data-id=\"e5d5d08\" data-element_type=\"widget\" data-e-type=\"widget\" data-widget_type=\"image.default\">\n\t\t\t\t\t\t\t\t\t\t\t\t\t\t\t<img decoding=\"async\" src=\"https:\/\/www.escale-roscoff.fr\/wp-content\/uploads\/2025\/07\/bateauks_Plan-de-travail-1-scaled.webp\" title=\"bateauks_Plan de travail 1\" alt=\"bateauks_Plan de travail 1\" loading=\"lazy\" \/>\t\t\t\t\t\t\t\t\t\t\t\t\t\t\t<\/div>\n\t\t\t\t\t<\/div>\n\t\t\t\t<\/div>\n\t\t<div class=\"elementor-element elementor-element-01ab125 e-flex e-con-boxed e-con e-parent\" data-id=\"01ab125\" data-element_type=\"container\" data-e-type=\"container\" data-settings=\"{&quot;background_background&quot;:&quot;classic&quot;}\">\n\t\t\t\t\t<div class=\"e-con-inner\">\n\t\t<div class=\"elementor-element elementor-element-ddea671 e-con-full e-flex e-con e-child\" data-id=\"ddea671\" data-element_type=\"container\" data-e-type=\"container\" data-settings=\"{&quot;background_background&quot;:&quot;classic&quot;}\">\n\t\t\t\t<div class=\"elementor-element elementor-element-6ad9c80 elementor-hidden-mobile elementor-widget elementor-widget-heading\" data-id=\"6ad9c80\" data-element_type=\"widget\" data-e-type=\"widget\" data-widget_type=\"heading.default\">\n\t\t\t\t\t<h2 class=\"elementor-heading-title elementor-size-default\">Le mot du pr\u00e9sident de la d\u00e9l\u00e9gation de Morlaix \u2013 CCI Finist\u00e8re, <br>Jean-Paul Chapalain<\/h2>\t\t\t\t<\/div>\n\t\t\t\t<div class=\"elementor-element elementor-element-a00288b elementor-hidden-desktop elementor-hidden-tablet elementor-widget elementor-widget-heading\" data-id=\"a00288b\" data-element_type=\"widget\" data-e-type=\"widget\" data-widget_type=\"heading.default\">\n\t\t\t\t\t<h2 class=\"elementor-heading-title elementor-size-default\">Le mot du pr\u00e9sident de la d\u00e9l\u00e9gation de Morlaix \u2013 CCI Finist\u00e8re, <br>Jean-Paul Chapalain<\/h2>\t\t\t\t<\/div>\n\t\t\t\t<div class=\"elementor-element elementor-element-565c279 elementor-widget elementor-widget-text-editor\" data-id=\"565c279\" data-element_type=\"widget\" data-e-type=\"widget\" data-widget_type=\"text-editor.default\">\n\t\t\t\t\t\t\t\t\t<p><strong>La Solitaire du Figaro 2025: un \u00e9v\u00e9nement majeur pour la Baie de Morlaix<\/strong><\/p><p>\u00ab C\u2019est d\u00e9sormais une tradition d\u2019accueillir une \u00e9tape de La Solitaire du Figaro en Baie de Morlaix. Pour la 6e fois, la CCI Finist\u00e8re d\u00e9l\u00e9gation de Morlaix est partenaire escale de cette course mythique, \u00e9preuve reine du championnat de France \u00e9lite de course au large.<\/p><p>Du 10 au 14 septembre, au port de plaisance de Roscoff Bloscon, nous profitons de cette course prestigieuse pour faire rayonner la Baie de Morlaix sur les plans sportif, \u00e9conomique et touristique. Dans le village, ouvert \u00e0 tous, nous proposerons des animations \u00e0 destination du grand public et des scolaires.<\/p><p>Venez vivre avec nous cet \u00e9v\u00e9nement majeur et d\u00e9couvrir la Baie de Morlaix qui foisonne de sites naturels et patrimoniaux remarquables ! \u00bb<\/p><p><em>Jean-Paul Chapalain, pr\u00e9sident d\u00e9l\u00e9gation de Morlaix CCI Finist\u00e8re<\/em><\/p>\t\t\t\t\t\t\t\t<\/div>\n\t\t\t\t<\/div>\n\t\t\t\t\t<\/div>\n\t\t\t\t<\/div>\n\t\t<div class=\"elementor-element elementor-element-0615c85 e-flex e-con-boxed e-con e-parent\" data-id=\"0615c85\" data-element_type=\"container\" data-e-type=\"container\">\n\t\t\t\t\t<div class=\"e-con-inner\">\n\t\t\t\t<div class=\"elementor-element elementor-element-d4cc014 elementor-widget elementor-widget-spacer\" data-id=\"d4cc014\" data-element_type=\"widget\" data-e-type=\"widget\" data-widget_type=\"spacer.default\">\n\t\t\t\t\t\t\t<div class=\"elementor-spacer\">\n\t\t\t<div class=\"elementor-spacer-inner\"><\/div>\n\t\t<\/div>\n\t\t\t\t\t\t<\/div>\n\t\t\t\t\t<\/div>\n\t\t\t\t<\/div>\n\t\t\t\t<\/div>\n\t\t","protected":false},"excerpt":{"rendered":"<p>la solitaire du figaro paprec fait \u00e9tape EN BAIE DE MORLAIX, AU PORT DE ROSCOFF \u2013 BLOSCON, DU 10 AU [&hellip;]<\/p>\n","protected":false},"author":2,"featured_media":0,"parent":0,"menu_order":0,"comment_status":"closed","ping_status":"closed","template":"elementor_header_footer","meta":{"site-sidebar-layout":"default","site-content-layout":"","ast-site-content-layout":"full-width-container","site-content-style":"unboxed","site-sidebar-style":"default","ast-global-header-display":"disabled","ast-banner-title-visibility":"","ast-main-header-display":"","ast-hfb-above-header-display":"","ast-hfb-below-header-display":"","ast-hfb-mobile-header-display":"","site-post-title":"","ast-breadcrumbs-content":"","ast-featured-img":"","footer-sml-layout":"","theme-transparent-header-meta":"","adv-header-id-meta":"","stick-header-meta":"","header-above-stick-meta":"","header-main-stick-meta":"","header-below-stick-meta":"","astra-migrate-meta-layouts":"default","ast-page-background-enabled":"default","ast-page-background-meta":{"desktop":{"background-color":"var(--ast-global-color-5)","background-image":"","background-repeat":"repeat","background-position":"center center","background-size":"auto","background-attachment":"scroll","background-type":"","background-media":"","overlay-type":"","overlay-color":"","overlay-opacity":"","overlay-gradient":""},"tablet":{"background-color":"","background-image":"","background-repeat":"repeat","background-position":"center center","background-size":"auto","background-attachment":"scroll","background-type":"","background-media":"","overlay-type":"","overlay-color":"","overlay-opacity":"","overlay-gradient":""},"mobile":{"background-color":"","background-image":"","background-repeat":"repeat","background-position":"center center","background-size":"auto","background-attachment":"scroll","background-type":"","background-media":"","overlay-type":"","overlay-color":"","overlay-opacity":"","overlay-gradient":""}},"ast-content-background-meta":{"desktop":{"background-color":"var(--ast-global-color-4)","background-image":"","background-repeat":"repeat","background-position":"center center","background-size":"auto","background-attachment":"scroll","background-type":"","background-media":"","overlay-type":"","overlay-color":"","overlay-opacity":"","overlay-gradient":""},"tablet":{"background-color":"var(--ast-global-color-4)","background-image":"","background-repeat":"repeat","background-position":"center center","background-size":"auto","background-attachment":"scroll","background-type":"","background-media":"","overlay-type":"","overlay-color":"","overlay-opacity":"","overlay-gradient":""},"mobile":{"background-color":"var(--ast-global-color-4)","background-image":"","background-repeat":"repeat","background-position":"center center","background-size":"auto","background-attachment":"scroll","background-type":"","background-media":"","overlay-type":"","overlay-color":"","overlay-opacity":"","overlay-gradient":""}},"footnotes":""},"class_list":["post-72","page","type-page","status-publish","hentry"],"_links":{"self":[{"href":"https:\/\/www.escale-roscoff.fr\/index.php?rest_route=\/wp\/v2\/pages\/72","targetHints":{"allow":["GET"]}}],"collection":[{"href":"https:\/\/www.escale-roscoff.fr\/index.php?rest_route=\/wp\/v2\/pages"}],"about":[{"href":"https:\/\/www.escale-roscoff.fr\/index.php?rest_route=\/wp\/v2\/types\/page"}],"author":[{"embeddable":true,"href":"https:\/\/www.escale-roscoff.fr\/index.php?rest_route=\/wp\/v2\/users\/2"}],"replies":[{"embeddable":true,"href":"https:\/\/www.escale-roscoff.fr\/index.php?rest_route=%2Fwp%2Fv2%2Fcomments&post=72"}],"version-history":[{"count":81,"href":"https:\/\/www.escale-roscoff.fr\/index.php?rest_route=\/wp\/v2\/pages\/72\/revisions"}],"predecessor-version":[{"id":648,"href":"https:\/\/www.escale-roscoff.fr\/index.php?rest_route=\/wp\/v2\/pages\/72\/revisions\/648"}],"wp:attachment":[{"href":"https:\/\/www.escale-roscoff.fr\/index.php?rest_route=%2Fwp%2Fv2%2Fmedia&parent=72"}],"curies":[{"name":"wp","href":"https:\/\/api.w.org\/{rel}","templated":true}]}}