{"id":84,"date":"2025-07-10T10:18:31","date_gmt":"2025-07-10T08:18:31","guid":{"rendered":"https:\/\/www.escale-roscoff.fr\/?page_id=84"},"modified":"2025-08-28T15:40:25","modified_gmt":"2025-08-28T13:40:25","slug":"port-de-roscoff","status":"publish","type":"page","link":"https:\/\/www.escale-roscoff.fr\/?page_id=84","title":{"rendered":"Port de Roscoff"},"content":{"rendered":"\t\t<div data-elementor-type=\"wp-page\" data-elementor-id=\"84\" class=\"elementor elementor-84\">\n\t\t\t\t<div class=\"elementor-element elementor-element-c2dc36f e-flex e-con-boxed e-con e-parent\" data-id=\"c2dc36f\" data-element_type=\"container\" data-e-type=\"container\" data-settings=\"{&quot;background_background&quot;:&quot;slideshow&quot;,&quot;background_slideshow_gallery&quot;:[{&quot;id&quot;:119,&quot;url&quot;:&quot;http:\\\/\\\/www.escale-roscoff.fr\\\/wp-content\\\/uploads\\\/2025\\\/07\\\/port_Plan-de-travail-1-scaled.webp&quot;}],&quot;background_slideshow_slide_duration&quot;:2000,&quot;background_slideshow_loop&quot;:&quot;yes&quot;,&quot;background_slideshow_slide_transition&quot;:&quot;fade&quot;,&quot;background_slideshow_transition_duration&quot;:500}\">\n\t\t\t\t\t<div class=\"e-con-inner\">\n\t\t\t\t<div class=\"elementor-element elementor-element-d7eebe9 elementor-widget elementor-widget-spacer\" data-id=\"d7eebe9\" data-element_type=\"widget\" data-e-type=\"widget\" data-widget_type=\"spacer.default\">\n\t\t\t\t\t\t\t<div class=\"elementor-spacer\">\n\t\t\t<div class=\"elementor-spacer-inner\"><\/div>\n\t\t<\/div>\n\t\t\t\t\t\t<\/div>\n\t\t\t\t\t<\/div>\n\t\t\t\t<\/div>\n\t\t<div class=\"elementor-element elementor-element-e8eb528 elementor-hidden-mobile e-flex e-con-boxed e-con e-parent\" data-id=\"e8eb528\" data-element_type=\"container\" data-e-type=\"container\">\n\t\t\t\t\t<div class=\"e-con-inner\">\n\t\t\t\t<div class=\"elementor-element elementor-element-3eb3686 elementor-widget elementor-widget-heading\" data-id=\"3eb3686\" data-element_type=\"widget\" data-e-type=\"widget\" data-widget_type=\"heading.default\">\n\t\t\t\t\t<h2 class=\"elementor-heading-title elementor-size-default\">d\u00e9couvrez\n\n<\/h2>\t\t\t\t<\/div>\n\t\t\t\t<div class=\"elementor-element elementor-element-fd04c45 elementor-widget elementor-widget-heading\" data-id=\"fd04c45\" data-element_type=\"widget\" data-e-type=\"widget\" data-widget_type=\"heading.default\">\n\t\t\t\t\t<h2 class=\"elementor-heading-title elementor-size-default\">le port de roscoff<\/h2>\t\t\t\t<\/div>\n\t\t\t\t<div class=\"elementor-element elementor-element-fbe5707 elementor-widget elementor-widget-heading\" data-id=\"fbe5707\" data-element_type=\"widget\" data-e-type=\"widget\" data-widget_type=\"heading.default\">\n\t\t\t\t\t<h2 class=\"elementor-heading-title elementor-size-default\">un port accueillant et s\u00e9curis\u00e9 toute l'ann\u00e9e <\/h2>\t\t\t\t<\/div>\n\t\t\t\t\t<\/div>\n\t\t\t\t<\/div>\n\t\t<div class=\"elementor-element elementor-element-5b2a4a1 elementor-hidden-desktop elementor-hidden-tablet e-flex e-con-boxed e-con e-parent\" data-id=\"5b2a4a1\" data-element_type=\"container\" data-e-type=\"container\">\n\t\t\t\t\t<div class=\"e-con-inner\">\n\t\t\t\t<div class=\"elementor-element elementor-element-8396bf4 elementor-widget elementor-widget-heading\" data-id=\"8396bf4\" data-element_type=\"widget\" data-e-type=\"widget\" data-widget_type=\"heading.default\">\n\t\t\t\t\t<h2 class=\"elementor-heading-title elementor-size-default\">d\u00e9couvrez\n\n<\/h2>\t\t\t\t<\/div>\n\t\t\t\t<div class=\"elementor-element elementor-element-2ee145e elementor-widget elementor-widget-heading\" data-id=\"2ee145e\" data-element_type=\"widget\" data-e-type=\"widget\" data-widget_type=\"heading.default\">\n\t\t\t\t\t<h2 class=\"elementor-heading-title elementor-size-default\">le port de roscoff<\/h2>\t\t\t\t<\/div>\n\t\t\t\t<div class=\"elementor-element elementor-element-aab4180 elementor-widget elementor-widget-heading\" data-id=\"aab4180\" data-element_type=\"widget\" data-e-type=\"widget\" data-widget_type=\"heading.default\">\n\t\t\t\t\t<h2 class=\"elementor-heading-title elementor-size-default\">un port accueillant et s\u00e9curis\u00e9 toute l'ann\u00e9e <\/h2>\t\t\t\t<\/div>\n\t\t\t\t\t<\/div>\n\t\t\t\t<\/div>\n\t\t<div class=\"elementor-element elementor-element-17fd4c9 e-flex e-con-boxed e-con e-parent\" data-id=\"17fd4c9\" data-element_type=\"container\" data-e-type=\"container\">\n\t\t\t\t\t<div class=\"e-con-inner\">\n\t\t\t\t<div class=\"elementor-element elementor-element-b17cffe elementor-widget elementor-widget-text-editor\" data-id=\"b17cffe\" data-element_type=\"widget\" data-e-type=\"widget\" data-widget_type=\"text-editor.default\">\n\t\t\t\t\t\t\t\t\t<p data-pm-slice=\"0 0 []\">Le port de plaisance de Roscoff Bloscon, dot\u00e9 de 625 anneaux en eaux profondes, accueille les navigateurs 24h\/24, tout au long de l\u2019ann\u00e9e. Quelle que soit la m\u00e9t\u00e9o, l\u2019heure ou l\u2019\u00e9tat de la mar\u00e9e, il constitue une escale fiable entre la mer d\u2019Iroise et les c\u00f4tes du Cotentin. Pens\u00e9 dans une d\u00e9marche de d\u00e9veloppement durable, il b\u00e9n\u00e9ficie des labels \u00ab Port propre \u00bb et \u00ab Ports propres actifs en biodiversit\u00e9 \u00bb. Facile d\u2019acc\u00e8s et offrant un excellent niveau de confort, il r\u00e9pond aux attentes des plaisanciers les plus exigeants.<\/p>\t\t\t\t\t\t\t\t<\/div>\n\t\t\t\t<div class=\"elementor-element elementor-element-94a0bb7 elementor-align-center elementor-widget elementor-widget-button\" data-id=\"94a0bb7\" data-element_type=\"widget\" data-e-type=\"widget\" data-widget_type=\"button.default\">\n\t\t\t\t\t\t\t\t\t\t<a class=\"elementor-button elementor-button-link elementor-size-sm\" href=\"https:\/\/plaisancehautfinistere.bzh\/port-de-roscoff-bloscon\/%20\" target=\"_blank\">\n\t\t\t\t\t\t<span class=\"elementor-button-content-wrapper\">\n\t\t\t\t\t\t\t\t\t<span class=\"elementor-button-text\">En savoir plus<\/span>\n\t\t\t\t\t<\/span>\n\t\t\t\t\t<\/a>\n\t\t\t\t\t\t\t\t<\/div>\n\t\t\t\t\t<\/div>\n\t\t\t\t<\/div>\n\t\t<div class=\"elementor-element elementor-element-32f5659 e-con-full e-flex e-con e-parent\" data-id=\"32f5659\" data-element_type=\"container\" data-e-type=\"container\">\n\t\t\t\t<div class=\"elementor-element elementor-element-b51d728 elementor-widget elementor-widget-image\" data-id=\"b51d728\" data-element_type=\"widget\" data-e-type=\"widget\" data-widget_type=\"image.default\">\n\t\t\t\t\t\t\t\t\t\t\t\t\t\t\t<img fetchpriority=\"high\" decoding=\"async\" width=\"2560\" height=\"1160\" src=\"https:\/\/www.escale-roscoff.fr\/wp-content\/uploads\/2025\/07\/roscoff_Plan-de-travail-1-scaled.webp\" class=\"attachment-full size-full wp-image-124\" alt=\"\" srcset=\"https:\/\/www.escale-roscoff.fr\/wp-content\/uploads\/2025\/07\/roscoff_Plan-de-travail-1-scaled.webp 2560w, https:\/\/www.escale-roscoff.fr\/wp-content\/uploads\/2025\/07\/roscoff_Plan-de-travail-1-300x136.webp 300w, https:\/\/www.escale-roscoff.fr\/wp-content\/uploads\/2025\/07\/roscoff_Plan-de-travail-1-1024x464.webp 1024w, https:\/\/www.escale-roscoff.fr\/wp-content\/uploads\/2025\/07\/roscoff_Plan-de-travail-1-768x348.webp 768w, https:\/\/www.escale-roscoff.fr\/wp-content\/uploads\/2025\/07\/roscoff_Plan-de-travail-1-1536x696.webp 1536w, https:\/\/www.escale-roscoff.fr\/wp-content\/uploads\/2025\/07\/roscoff_Plan-de-travail-1-2048x928.webp 2048w\" sizes=\"(max-width: 2560px) 100vw, 2560px\" \/>\t\t\t\t\t\t\t\t\t\t\t\t\t\t\t<\/div>\n\t\t\t\t<\/div>\n\t\t<div class=\"elementor-element elementor-element-1bccdc5 elementor-hidden-mobile e-flex e-con-boxed e-con e-parent\" data-id=\"1bccdc5\" data-element_type=\"container\" data-e-type=\"container\">\n\t\t\t\t\t<div class=\"e-con-inner\">\n\t\t\t\t<div class=\"elementor-element elementor-element-0dbb4fb elementor-widget elementor-widget-n-accordion\" data-id=\"0dbb4fb\" data-element_type=\"widget\" data-e-type=\"widget\" data-settings=\"{&quot;default_state&quot;:&quot;expanded&quot;,&quot;max_items_expended&quot;:&quot;one&quot;,&quot;n_accordion_animation_duration&quot;:{&quot;unit&quot;:&quot;ms&quot;,&quot;size&quot;:400,&quot;sizes&quot;:[]}}\" data-widget_type=\"nested-accordion.default\">\n\t\t\t\t\t\t\t<div class=\"e-n-accordion\" aria-label=\"Accordion. Open links with Enter or Space, close with Escape, and navigate with Arrow Keys\">\n\t\t\t\t\t\t<details id=\"e-n-accordion-item-1430\" class=\"e-n-accordion-item\" open>\n\t\t\t\t<summary class=\"e-n-accordion-item-title\" data-accordion-index=\"1\" tabindex=\"0\" aria-expanded=\"true\" aria-controls=\"e-n-accordion-item-1430\" >\n\t\t\t\t\t<span class='e-n-accordion-item-title-header'><div class=\"e-n-accordion-item-title-text\"> Horaires d'ouverture du village <\/div><\/span>\n\t\t\t\t\t\t\t\t\t<\/summary>\n\t\t\t\t<div role=\"region\" aria-labelledby=\"e-n-accordion-item-1430\" class=\"elementor-element elementor-element-2a72927 e-con-full e-flex e-con e-child\" data-id=\"2a72927\" data-element_type=\"container\" data-e-type=\"container\">\n\t\t\t\t<div class=\"elementor-element elementor-element-f652f0f elementor-widget elementor-widget-text-editor\" data-id=\"f652f0f\" data-element_type=\"widget\" data-e-type=\"widget\" data-widget_type=\"text-editor.default\">\n\t\t\t\t\t\t\t\t\t<p data-pm-slice=\"0 0 []\"><strong>Mercredi 10 : 14h \u2013 19h<\/strong><br \/><strong>Jeudi 11 : 10h \u2013 19h<\/strong><br \/><strong>Vendredi 12 : 10 \u2013 21h30<\/strong><br \/><strong>Samedi 13 : 10h \u2013 22h<\/strong><br \/><strong>Dimanche 14 : 9h \u2013 15h<\/strong><\/p>\t\t\t\t\t\t\t\t<\/div>\n\t\t\t\t<\/div>\n\t\t\t\t\t<\/details>\n\t\t\t\t\t\t<details id=\"e-n-accordion-item-1431\" class=\"e-n-accordion-item\" >\n\t\t\t\t<summary class=\"e-n-accordion-item-title\" data-accordion-index=\"2\" tabindex=\"-1\" aria-expanded=\"false\" aria-controls=\"e-n-accordion-item-1431\" >\n\t\t\t\t\t<span class='e-n-accordion-item-title-header'><div class=\"e-n-accordion-item-title-text\"> Venir au village <\/div><\/span>\n\t\t\t\t\t\t\t\t\t<\/summary>\n\t\t\t\t<div role=\"region\" aria-labelledby=\"e-n-accordion-item-1431\" class=\"elementor-element elementor-element-787bb6b e-con-full e-flex e-con e-child\" data-id=\"787bb6b\" data-element_type=\"container\" data-e-type=\"container\">\n\t\t\t\t<div class=\"elementor-element elementor-element-ef02904 elementor-widget elementor-widget-text-editor\" data-id=\"ef02904\" data-element_type=\"widget\" data-e-type=\"widget\" data-widget_type=\"text-editor.default\">\n\t\t\t\t\t\t\t\t\t<p data-pm-slice=\"0 0 []\"><strong>Acc\u00e8s &amp; stationnement \u2013 Port du Bloscon, Roscoff<\/strong><br \/>Le Port du Bloscon b\u00e9n\u00e9ficie d\u2019un grand parking gratuit situ\u00e9 \u00e0 l\u2019ouest du site, accessible depuis la D58. Il offre un acc\u00e8s facile \u00e0 pied vers la zone portuaire, les quais, la cri\u00e9e et les \u00e9quipements nautiques.<\/p><p data-pm-slice=\"0 0 []\"><strong>Mobilit\u00e9 douce encourag\u00e9e<\/strong><\/p><p data-pm-slice=\"0 0 []\">Favorisez les d\u00e9placements durables pour profiter pleinement de l\u2019environnement maritime de Roscoff !<\/p><ul><li data-pm-slice=\"0 0 []\">Nous invitons les visiteurs et usagers \u00e0 privil\u00e9gier la mobilit\u00e9 douce :<\/li><li data-pm-slice=\"0 0 []\">Acc\u00e8s v\u00e9lo s\u00e9curis\u00e9 depuis le centre-ville de Roscoff gr\u00e2ce \u00e0 des am\u00e9nagements adapt\u00e9s.<\/li><li data-pm-slice=\"0 0 []\">Cheminements pi\u00e9tons accessibles et agr\u00e9ables autour du port, notamment en longeant les quais.<\/li><\/ul><p>Favorisez les d\u00e9placements durables pour profiter pleinement de l\u2019environnement maritime de Roscoff !<\/p>\t\t\t\t\t\t\t\t<\/div>\n\t\t\t\t<div class=\"elementor-element elementor-element-364fecb elementor-widget elementor-widget-google_maps\" data-id=\"364fecb\" data-element_type=\"widget\" data-e-type=\"widget\" data-widget_type=\"google_maps.default\">\n\t\t\t\t\t\t\t<div class=\"elementor-custom-embed\">\n\t\t\t<iframe loading=\"lazy\"\n\t\t\t\t\tsrc=\"https:\/\/maps.google.com\/maps?q=port%20de%20roscoff%20&#038;t=m&#038;z=15&#038;output=embed&#038;iwloc=near\"\n\t\t\t\t\ttitle=\"port de roscoff \"\n\t\t\t\t\taria-label=\"port de roscoff \"\n\t\t\t><\/iframe>\n\t\t<\/div>\n\t\t\t\t\t\t<\/div>\n\t\t\t\t<\/div>\n\t\t\t\t\t<\/details>\n\t\t\t\t\t\t<details id=\"e-n-accordion-item-1432\" class=\"e-n-accordion-item\" >\n\t\t\t\t<summary class=\"e-n-accordion-item-title\" data-accordion-index=\"3\" tabindex=\"-1\" aria-expanded=\"false\" aria-controls=\"e-n-accordion-item-1432\" >\n\t\t\t\t\t<span class='e-n-accordion-item-title-header'><div class=\"e-n-accordion-item-title-text\"> Restauration <\/div><\/span>\n\t\t\t\t\t\t\t\t\t<\/summary>\n\t\t\t\t<div role=\"region\" aria-labelledby=\"e-n-accordion-item-1432\" class=\"elementor-element elementor-element-15dbddc e-con-full e-flex e-con e-child\" data-id=\"15dbddc\" data-element_type=\"container\" data-e-type=\"container\">\n\t\t\t\t<div class=\"elementor-element elementor-element-155d8ff elementor-widget elementor-widget-text-editor\" data-id=\"155d8ff\" data-element_type=\"widget\" data-e-type=\"widget\" data-widget_type=\"text-editor.default\">\n\t\t\t\t\t\t\t\t\t<p><strong>A proximit\u00e9 (hors village) : \u00a0<\/strong><\/p><p><br \/><span data-contrast=\"auto\"><a href=\"https:\/\/casino-roscoff.fr\/restaurant\">Le Hublot<\/a> (restaurant du Casino de Roscoff)\u202f<\/span><span data-contrast=\"auto\">\u00a0restaurant r\u00e9put\u00e9 \u00e0 quelques minutes \u00e0 pied, parfait pour d\u00e9couvrir la gastronomie locale.<\/span>\u00a0<\/p><p><span data-contrast=\"auto\"><a href=\"https:\/\/www.facebook.com\/p\/Le-Transmanche-61563156377771\/\">Le Transmanche<\/a> : <\/span><span data-contrast=\"auto\">\u00a0brasserie traditionnelle situ\u00e9e au nord du port.<\/span><span data-ccp-props=\"{}\">\u00a0<\/span><span data-contrast=\"auto\">\u00a0\u00a0\u00a0 <\/span><\/p><p><strong>Au port du Bloscon, sur la terrasse \u00e0 deux pas des pontons et de la voilerie :\u00a0<\/strong><\/p><p><a href=\"https:\/\/www.facebook.com\/p\/Ti-Nathy-61567536616326\/\"><span data-contrast=\"auto\">Ti Nathy <\/span><\/a><span data-contrast=\"auto\">: cuisine maison et produits locaux dans une ambiance conviviale. Vue sur les voiliers<\/span><span data-ccp-props=\"{&quot;335559685&quot;:720}\">\u00a0<\/span><\/p><p><a href=\"https:\/\/www.facebook.com\/profile.php?id=61577912734835#\"><span data-contrast=\"auto\">Les Docks <\/span><\/a><span data-contrast=\"auto\">: bar-restaurant anim\u00e9, id\u00e9al pour un verre ou un repas avec vue sur les voiliers\u00a0\u00a0\u00a0\u00a0\u00a0<\/span><span data-ccp-props=\"{&quot;335559685&quot;:720}\">\u00a0<\/span><\/p><p><span data-contrast=\"auto\">Sur le village : food truck \u00ab\u202fLes Crevettes Bleues\u202f\u00bb sp\u00e9cialis\u00e9 dans les produits de la mer, pour une offre savoureuse \u00e0 emporter.<\/span>\u00a0<br \/><span data-ccp-props=\"{}\">\u00a0<\/span><\/p>\t\t\t\t\t\t\t\t<\/div>\n\t\t\t\t<\/div>\n\t\t\t\t\t<\/details>\n\t\t\t\t\t<\/div>\n\t\t\t\t\t\t<\/div>\n\t\t\t\t\t<\/div>\n\t\t\t\t<\/div>\n\t\t<div class=\"elementor-element elementor-element-c372aa1 elementor-hidden-desktop elementor-hidden-tablet e-flex e-con-boxed e-con e-parent\" data-id=\"c372aa1\" data-element_type=\"container\" data-e-type=\"container\">\n\t\t\t\t\t<div class=\"e-con-inner\">\n\t\t\t\t<div class=\"elementor-element elementor-element-f47cc90 elementor-widget elementor-widget-n-accordion\" data-id=\"f47cc90\" data-element_type=\"widget\" data-e-type=\"widget\" data-settings=\"{&quot;default_state&quot;:&quot;expanded&quot;,&quot;max_items_expended&quot;:&quot;one&quot;,&quot;n_accordion_animation_duration&quot;:{&quot;unit&quot;:&quot;ms&quot;,&quot;size&quot;:400,&quot;sizes&quot;:[]}}\" data-widget_type=\"nested-accordion.default\">\n\t\t\t\t\t\t\t<div class=\"e-n-accordion\" aria-label=\"Accordion. Open links with Enter or Space, close with Escape, and navigate with Arrow Keys\">\n\t\t\t\t\t\t<details id=\"e-n-accordion-item-2560\" class=\"e-n-accordion-item\" open>\n\t\t\t\t<summary class=\"e-n-accordion-item-title\" data-accordion-index=\"1\" tabindex=\"0\" aria-expanded=\"true\" aria-controls=\"e-n-accordion-item-2560\" >\n\t\t\t\t\t<span class='e-n-accordion-item-title-header'><div class=\"e-n-accordion-item-title-text\"> Horaires d'ouverture du village <\/div><\/span>\n\t\t\t\t\t\t\t\t\t<\/summary>\n\t\t\t\t<div role=\"region\" aria-labelledby=\"e-n-accordion-item-2560\" class=\"elementor-element elementor-element-31065a0 e-con-full e-flex e-con e-child\" data-id=\"31065a0\" data-element_type=\"container\" data-e-type=\"container\">\n\t\t\t\t<div class=\"elementor-element elementor-element-4db0151 elementor-widget elementor-widget-text-editor\" data-id=\"4db0151\" data-element_type=\"widget\" data-e-type=\"widget\" data-widget_type=\"text-editor.default\">\n\t\t\t\t\t\t\t\t\t<p data-pm-slice=\"0 0 []\"><strong>Mercredi 10 : 14h \u2013 19h<\/strong><br \/><strong>Jeudi 11 : 10h \u2013 19h<\/strong><br \/><strong>Vendredi 12 : 10 \u2013 21h30<\/strong><br \/><strong>Samedi 13 : 10h \u2013 22h<\/strong><br \/><strong>Dimanche 14 : 9h \u2013 15h<\/strong><\/p>\t\t\t\t\t\t\t\t<\/div>\n\t\t\t\t<\/div>\n\t\t\t\t\t<\/details>\n\t\t\t\t\t\t<details id=\"e-n-accordion-item-2561\" class=\"e-n-accordion-item\" >\n\t\t\t\t<summary class=\"e-n-accordion-item-title\" data-accordion-index=\"2\" tabindex=\"-1\" aria-expanded=\"false\" aria-controls=\"e-n-accordion-item-2561\" >\n\t\t\t\t\t<span class='e-n-accordion-item-title-header'><div class=\"e-n-accordion-item-title-text\"> Venir au village <\/div><\/span>\n\t\t\t\t\t\t\t\t\t<\/summary>\n\t\t\t\t<div role=\"region\" aria-labelledby=\"e-n-accordion-item-2561\" class=\"elementor-element elementor-element-3fec208 e-con-full e-flex e-con e-child\" data-id=\"3fec208\" data-element_type=\"container\" data-e-type=\"container\">\n\t\t\t\t<div class=\"elementor-element elementor-element-4521506 elementor-widget elementor-widget-text-editor\" data-id=\"4521506\" data-element_type=\"widget\" data-e-type=\"widget\" data-widget_type=\"text-editor.default\">\n\t\t\t\t\t\t\t\t\t<p data-pm-slice=\"0 0 []\"><strong>Acc\u00e8s &amp; stationnement \u2013 Port du Bloscon, Roscoff<\/strong><br \/>Le Port du Bloscon b\u00e9n\u00e9ficie d\u2019un grand parking gratuit situ\u00e9 \u00e0 l\u2019ouest du site, accessible depuis la D58. Il offre un acc\u00e8s facile \u00e0 pied vers la zone portuaire, les quais, la cri\u00e9e et les \u00e9quipements nautiques.<\/p><p data-pm-slice=\"0 0 []\"><strong>Mobilit\u00e9 douce encourag\u00e9e<\/strong><\/p><p data-pm-slice=\"0 0 []\">Favorisez les d\u00e9placements durables pour profiter pleinement de l\u2019environnement maritime de Roscoff !<\/p><ul><li data-pm-slice=\"0 0 []\">Nous invitons les visiteurs et usagers \u00e0 privil\u00e9gier la mobilit\u00e9 douce :<\/li><li data-pm-slice=\"0 0 []\">Acc\u00e8s v\u00e9lo s\u00e9curis\u00e9 depuis le centre-ville de Roscoff gr\u00e2ce \u00e0 des am\u00e9nagements adapt\u00e9s.<\/li><li data-pm-slice=\"0 0 []\">Cheminements pi\u00e9tons accessibles et agr\u00e9ables autour du port, notamment en longeant les quais.<\/li><\/ul><p>Favorisez les d\u00e9placements durables pour profiter pleinement de l\u2019environnement maritime de Roscoff !<\/p>\t\t\t\t\t\t\t\t<\/div>\n\t\t\t\t<div class=\"elementor-element elementor-element-c2430d7 elementor-widget elementor-widget-google_maps\" data-id=\"c2430d7\" data-element_type=\"widget\" data-e-type=\"widget\" data-widget_type=\"google_maps.default\">\n\t\t\t\t\t\t\t<div class=\"elementor-custom-embed\">\n\t\t\t<iframe loading=\"lazy\"\n\t\t\t\t\tsrc=\"https:\/\/maps.google.com\/maps?q=port%20de%20roscoff%20&#038;t=m&#038;z=15&#038;output=embed&#038;iwloc=near\"\n\t\t\t\t\ttitle=\"port de roscoff \"\n\t\t\t\t\taria-label=\"port de roscoff \"\n\t\t\t><\/iframe>\n\t\t<\/div>\n\t\t\t\t\t\t<\/div>\n\t\t\t\t<\/div>\n\t\t\t\t\t<\/details>\n\t\t\t\t\t\t<details id=\"e-n-accordion-item-2562\" class=\"e-n-accordion-item\" >\n\t\t\t\t<summary class=\"e-n-accordion-item-title\" data-accordion-index=\"3\" tabindex=\"-1\" aria-expanded=\"false\" aria-controls=\"e-n-accordion-item-2562\" >\n\t\t\t\t\t<span class='e-n-accordion-item-title-header'><div class=\"e-n-accordion-item-title-text\"> Restauration <\/div><\/span>\n\t\t\t\t\t\t\t\t\t<\/summary>\n\t\t\t\t<div role=\"region\" aria-labelledby=\"e-n-accordion-item-2562\" class=\"elementor-element elementor-element-cb34c49 e-con-full e-flex e-con e-child\" data-id=\"cb34c49\" data-element_type=\"container\" data-e-type=\"container\">\n\t\t\t\t<div class=\"elementor-element elementor-element-97d2d73 elementor-widget elementor-widget-text-editor\" data-id=\"97d2d73\" data-element_type=\"widget\" data-e-type=\"widget\" data-widget_type=\"text-editor.default\">\n\t\t\t\t\t\t\t\t\t<p><strong>A proximit\u00e9 (hors village) : \u00a0<\/strong><\/p><p><br \/><span data-contrast=\"auto\"><a href=\"https:\/\/casino-roscoff.fr\/restaurant\">Le Hublot<\/a> (restaurant du Casino de Roscoff)\u202f<\/span><span data-contrast=\"auto\">\u00a0restaurant r\u00e9put\u00e9 \u00e0 quelques minutes \u00e0 pied, parfait pour d\u00e9couvrir la gastronomie locale.<\/span>\u00a0<\/p><p><span data-contrast=\"auto\"><a href=\"https:\/\/www.facebook.com\/p\/Le-Transmanche-61563156377771\/\">Le Transmanche<\/a> : <\/span><span data-contrast=\"auto\">\u00a0brasserie traditionnelle situ\u00e9e au nord du port.<\/span><span data-ccp-props=\"{}\">\u00a0<\/span><span data-contrast=\"auto\">\u00a0\u00a0\u00a0 <\/span><\/p><p><strong>Au port du Bloscon, sur la terrasse \u00e0 deux pas des pontons et de la voilerie :\u00a0<\/strong><\/p><p><a href=\"https:\/\/www.facebook.com\/p\/Ti-Nathy-61567536616326\/\"><span data-contrast=\"auto\">Ti Nathy <\/span><\/a><span data-contrast=\"auto\">: cuisine maison et produits locaux dans une ambiance conviviale. Vue sur les voiliers<\/span><span data-ccp-props=\"{&quot;335559685&quot;:720}\">\u00a0<\/span><\/p><p><a href=\"https:\/\/www.facebook.com\/profile.php?id=61577912734835#\"><span data-contrast=\"auto\">Les Docks <\/span><\/a><span data-contrast=\"auto\">: bar-restaurant anim\u00e9, id\u00e9al pour un verre ou un repas avec vue sur les voiliers\u00a0\u00a0\u00a0\u00a0\u00a0<\/span><span data-ccp-props=\"{&quot;335559685&quot;:720}\">\u00a0<\/span><\/p><p><span data-contrast=\"auto\">Sur le village : food truck \u00ab\u202fLes Crevettes Bleues\u202f\u00bb sp\u00e9cialis\u00e9 dans les produits de la mer, pour une offre savoureuse \u00e0 emporter.<\/span>\u00a0<br \/><span data-ccp-props=\"{}\">\u00a0<\/span><\/p>\t\t\t\t\t\t\t\t<\/div>\n\t\t\t\t<\/div>\n\t\t\t\t\t<\/details>\n\t\t\t\t\t<\/div>\n\t\t\t\t\t\t<\/div>\n\t\t\t\t\t<\/div>\n\t\t\t\t<\/div>\n\t\t<div class=\"elementor-element elementor-element-b6e94a3 e-flex e-con-boxed e-con e-parent\" data-id=\"b6e94a3\" data-element_type=\"container\" data-e-type=\"container\">\n\t\t\t\t\t<div class=\"e-con-inner\">\n\t\t\t\t<div class=\"elementor-element elementor-element-554dff2 elementor-widget elementor-widget-spacer\" data-id=\"554dff2\" data-element_type=\"widget\" data-e-type=\"widget\" data-widget_type=\"spacer.default\">\n\t\t\t\t\t\t\t<div class=\"elementor-spacer\">\n\t\t\t<div class=\"elementor-spacer-inner\"><\/div>\n\t\t<\/div>\n\t\t\t\t\t\t<\/div>\n\t\t\t\t\t<\/div>\n\t\t\t\t<\/div>\n\t\t\t\t<\/div>\n\t\t","protected":false},"excerpt":{"rendered":"<p>d\u00e9couvrez le port de roscoff un port accueillant et s\u00e9curis\u00e9 toute l&rsquo;ann\u00e9e d\u00e9couvrez le port de roscoff un port accueillant [&hellip;]<\/p>\n","protected":false},"author":2,"featured_media":0,"parent":0,"menu_order":0,"comment_status":"closed","ping_status":"closed","template":"elementor_header_footer","meta":{"site-sidebar-layout":"default","site-content-layout":"","ast-site-content-layout":"full-width-container","site-content-style":"unboxed","site-sidebar-style":"default","ast-global-header-display":"disabled","ast-banner-title-visibility":"","ast-main-header-display":"","ast-hfb-above-header-display":"","ast-hfb-below-header-display":"","ast-hfb-mobile-header-display":"","site-post-title":"","ast-breadcrumbs-content":"","ast-featured-img":"","footer-sml-layout":"","theme-transparent-header-meta":"","adv-header-id-meta":"","stick-header-meta":"","header-above-stick-meta":"","header-main-stick-meta":"","header-below-stick-meta":"","astra-migrate-meta-layouts":"default","ast-page-background-enabled":"default","ast-page-background-meta":{"desktop":{"background-color":"var(--ast-global-color-5)","background-image":"","background-repeat":"repeat","background-position":"center center","background-size":"auto","background-attachment":"scroll","background-type":"","background-media":"","overlay-type":"","overlay-color":"","overlay-opacity":"","overlay-gradient":""},"tablet":{"background-color":"","background-image":"","background-repeat":"repeat","background-position":"center center","background-size":"auto","background-attachment":"scroll","background-type":"","background-media":"","overlay-type":"","overlay-color":"","overlay-opacity":"","overlay-gradient":""},"mobile":{"background-color":"","background-image":"","background-repeat":"repeat","background-position":"center center","background-size":"auto","background-attachment":"scroll","background-type":"","background-media":"","overlay-type":"","overlay-color":"","overlay-opacity":"","overlay-gradient":""}},"ast-content-background-meta":{"desktop":{"background-color":"var(--ast-global-color-4)","background-image":"","background-repeat":"repeat","background-position":"center center","background-size":"auto","background-attachment":"scroll","background-type":"","background-media":"","overlay-type":"","overlay-color":"","overlay-opacity":"","overlay-gradient":""},"tablet":{"background-color":"var(--ast-global-color-4)","background-image":"","background-repeat":"repeat","background-position":"center center","background-size":"auto","background-attachment":"scroll","background-type":"","background-media":"","overlay-type":"","overlay-color":"","overlay-opacity":"","overlay-gradient":""},"mobile":{"background-color":"var(--ast-global-color-4)","background-image":"","background-repeat":"repeat","background-position":"center center","background-size":"auto","background-attachment":"scroll","background-type":"","background-media":"","overlay-type":"","overlay-color":"","overlay-opacity":"","overlay-gradient":""}},"footnotes":""},"class_list":["post-84","page","type-page","status-publish","hentry"],"_links":{"self":[{"href":"https:\/\/www.escale-roscoff.fr\/index.php?rest_route=\/wp\/v2\/pages\/84","targetHints":{"allow":["GET"]}}],"collection":[{"href":"https:\/\/www.escale-roscoff.fr\/index.php?rest_route=\/wp\/v2\/pages"}],"about":[{"href":"https:\/\/www.escale-roscoff.fr\/index.php?rest_route=\/wp\/v2\/types\/page"}],"author":[{"embeddable":true,"href":"https:\/\/www.escale-roscoff.fr\/index.php?rest_route=\/wp\/v2\/users\/2"}],"replies":[{"embeddable":true,"href":"https:\/\/www.escale-roscoff.fr\/index.php?rest_route=%2Fwp%2Fv2%2Fcomments&post=84"}],"version-history":[{"count":63,"href":"https:\/\/www.escale-roscoff.fr\/index.php?rest_route=\/wp\/v2\/pages\/84\/revisions"}],"predecessor-version":[{"id":591,"href":"https:\/\/www.escale-roscoff.fr\/index.php?rest_route=\/wp\/v2\/pages\/84\/revisions\/591"}],"wp:attachment":[{"href":"https:\/\/www.escale-roscoff.fr\/index.php?rest_route=%2Fwp%2Fv2%2Fmedia&parent=84"}],"curies":[{"name":"wp","href":"https:\/\/api.w.org\/{rel}","templated":true}]}}